{"id":118957,"date":"2022-12-15T08:55:42","date_gmt":"2022-12-15T08:55:42","guid":{"rendered":"https:\/\/landenberg.ch\/contrat\/"},"modified":"2026-02-10T13:09:10","modified_gmt":"2026-02-10T13:09:10","slug":"contrat","status":"publish","type":"page","link":"https:\/\/landenberg.ch\/fr\/contrat\/","title":{"rendered":"Contrat"},"content":{"rendered":"<div class=\"wpb-content-wrapper\"><p>[vc_row row_height_percent=\u00a0\u00bb100&Prime; override_padding=\u00a0\u00bbyes\u00a0\u00bb h_padding=\u00a0\u00bb2&Prime; top_padding=\u00a0\u00bb7&Prime; bottom_padding=\u00a0\u00bb7&Prime; back_color=\u00a0\u00bbcolor-nhtu\u00a0\u00bb back_image=\u00a0\u00bb118088&Prime; back_position=\u00a0\u00bbcenter bottom\u00a0\u00bb overlay_color=\u00a0\u00bbcolor-nhtu\u00a0\u00bb overlay_alpha=\u00a0\u00bb15&Prime; gutter_size=\u00a0\u00bb4&Prime; column_width_percent=\u00a0\u00bb100&Prime; shift_y=\u00a0\u00bb0&Prime; z_index=\u00a0\u00bb0&Prime; enable_bottom_divider=\u00a0\u00bbdefault\u00a0\u00bb bottom_divider=\u00a0\u00bbgradient\u00a0\u00bb shape_bottom_h_use_pixel=\u00a0\u00bbtrue\u00a0\u00bb shape_bottom_height_percent=\u00a0\u00bb65&Prime; shape_bottom_color=\u00a0\u00bbcolor-jevc\u00a0\u00bb shape_bottom_opacity=\u00a0\u00bb65&Prime; shape_bottom_index=\u00a0\u00bb0&Prime; uncode_shortcode_id=\u00a0\u00bb189656&Prime; back_color_type=\u00a0\u00bbuncode-palette\u00a0\u00bb overlay_color_type=\u00a0\u00bbuncode-palette\u00a0\u00bb shape_bottom_color_type=\u00a0\u00bbuncode-palette\u00a0\u00bb][vc_column column_width_percent=\u00a0\u00bb100&Prime; position_vertical=\u00a0\u00bbmiddle\u00a0\u00bb gutter_size=\u00a0\u00bb2&Prime; style=\u00a0\u00bbdark\u00a0\u00bb overlay_alpha=\u00a0\u00bb50&Prime; shift_x=\u00a0\u00bb0&Prime; shift_y=\u00a0\u00bb0&Prime; shift_y_down=\u00a0\u00bb0&Prime; z_index=\u00a0\u00bb0&Prime; medium_width=\u00a0\u00bb0&Prime; mobile_width=\u00a0\u00bb0&Prime; parallax_intensity=\u00a0\u00bb3&Prime; parallax_centered=\u00a0\u00bbyes\u00a0\u00bb width=\u00a0\u00bb1\/1&Prime; uncode_shortcode_id=\u00a0\u00bb146088&Prime;][vc_row_inner row_inner_height_percent=\u00a0\u00bb0&Prime; overlay_alpha=\u00a0\u00bb50&Prime; gutter_size=\u00a0\u00bb4&Prime; shift_y=\u00a0\u00bb0&Prime; z_index=\u00a0\u00bb0&Prime; limit_content=\u00a0\u00bb\u00a0\u00bb uncode_shortcode_id=\u00a0\u00bb475311&Prime;][vc_column_inner column_width_percent=\u00a0\u00bb100&Prime; position_vertical=\u00a0\u00bbmiddle\u00a0\u00bb gutter_size=\u00a0\u00bb2&Prime; style=\u00a0\u00bbdark\u00a0\u00bb overlay_alpha=\u00a0\u00bb50&Prime; shift_x=\u00a0\u00bb0&Prime; shift_y=\u00a0\u00bb0&Prime; shift_y_down=\u00a0\u00bb0&Prime; z_index=\u00a0\u00bb0&Prime; medium_width=\u00a0\u00bb0&Prime; mobile_width=\u00a0\u00bb0&Prime; width=\u00a0\u00bb7\/12&Prime;][vc_custom_heading heading_semantic=\u00a0\u00bbh1&Prime; text_size=\u00a0\u00bb\u00a0\u00bb text_weight=\u00a0\u00bb300&Prime; uncode_shortcode_id=\u00a0\u00bb136091&Prime;]Contrat[\/vc_custom_heading][vc_empty_space empty_h=\u00a0\u00bb1&Prime;][\/vc_column_inner][vc_column_inner column_width_percent=\u00a0\u00bb100&Prime; position_vertical=\u00a0\u00bbmiddle\u00a0\u00bb align_horizontal=\u00a0\u00bbalign_center\u00a0\u00bb gutter_size=\u00a0\u00bb1&Prime; overlay_alpha=\u00a0\u00bb50&Prime; radius=\u00a0\u00bbsm\u00a0\u00bb shadow=\u00a0\u00bblg\u00a0\u00bb shadow_darker=\u00a0\u00bbyes\u00a0\u00bb shift_x=\u00a0\u00bb0&Prime; shift_y=\u00a0\u00bb0&Prime; shift_y_down=\u00a0\u00bb0&Prime; z_index=\u00a0\u00bb0&Prime; medium_visibility=\u00a0\u00bbyes\u00a0\u00bb medium_width=\u00a0\u00bb0&Prime; mobile_visibility=\u00a0\u00bbyes\u00a0\u00bb mobile_width=\u00a0\u00bb0&Prime; css_animation=\u00a0\u00bbzoom-in\u00a0\u00bb animation_speed=\u00a0\u00bb1000&Prime; animation_delay=\u00a0\u00bb1400&Prime; width=\u00a0\u00bb5\/12&Prime; uncode_shortcode_id=\u00a0\u00bb166760&Prime;][\/vc_column_inner][\/vc_row_inner][\/vc_column][\/vc_row][vc_row row_height_percent=\u00a0\u00bb0&Prime; override_padding=\u00a0\u00bbyes\u00a0\u00bb h_padding=\u00a0\u00bb2&Prime; top_padding=\u00a0\u00bb4&Prime; bottom_padding=\u00a0\u00bb2&Prime; overlay_alpha=\u00a0\u00bb50&Prime; gutter_size=\u00a0\u00bb3&Prime; column_width_percent=\u00a0\u00bb100&Prime; shift_y=\u00a0\u00bb0&Prime; z_index=\u00a0\u00bb0&Prime; uncode_shortcode_id=\u00a0\u00bb194118&Prime;][vc_column column_width_percent=\u00a0\u00bb100&Prime; gutter_size=\u00a0\u00bb2&Prime; override_padding=\u00a0\u00bbyes\u00a0\u00bb column_padding=\u00a0\u00bb0&Prime; overlay_alpha=\u00a0\u00bb50&Prime; radius=\u00a0\u00bbsm\u00a0\u00bb shift_x=\u00a0\u00bb0&Prime; shift_y=\u00a0\u00bb0&Prime; shift_y_down=\u00a0\u00bb0&Prime; z_index=\u00a0\u00bb0&Prime; medium_width=\u00a0\u00bb0&Prime; mobile_width=\u00a0\u00bb0&Prime; width=\u00a0\u00bb1\/1&Prime;][vc_custom_heading uncode_shortcode_id=\u00a0\u00bb117700&Prime;]Beaucoup de mati\u00e8re pour vos id\u00e9es[\/vc_custom_heading][vc_empty_space empty_h=\u00a0\u00bb2&Prime;][vc_row_inner limit_content=\u00a0\u00bb\u00a0\u00bb][vc_column_inner width=\u00a0\u00bb1\/2&Prime;][vc_column_text uncode_shortcode_id=\u00a0\u00bb204986&Prime;]Contract est synonyme d&rsquo;un concept global innovant de tissus pour les collectivit\u00e9s : des tissus en Trevira CS et en polyester ignifug\u00e9 de grande qualit\u00e9, dans une large palette de couleurs et avec diff\u00e9rentes propri\u00e9t\u00e9s.[\/vc_column_text][vc_empty_space empty_h=\u00a0\u00bb2&Prime;][\/vc_column_inner][vc_column_inner width=\u00a0\u00bb1\/2&Prime;][vc_single_image media=\u00a0\u00bb118480&Prime; media_width_use_pixel=\u00a0\u00bbyes\u00a0\u00bb uncode_shortcode_id=\u00a0\u00bb201265&Prime; media_width_pixel=\u00a0\u00bb100&Prime;][\/vc_column_inner][\/vc_row_inner][vc_custom_heading uncode_shortcode_id=\u00a0\u00bb153048&Prime;]Project L &#8211; notre bo\u00eete de planification[\/vc_custom_heading][vc_row_inner limit_content=\u00a0\u00bb\u00a0\u00bb][vc_column_inner width=\u00a0\u00bb1\/2&Prime;][vc_single_image media=\u00a0\u00bb118118&Prime; media_width_percent=\u00a0\u00bb100&Prime; uncode_shortcode_id=\u00a0\u00bb613259&Prime;][vc_button button_color=\u00a0\u00bbaccent\u00a0\u00bb border_width=\u00a0\u00bb0&Prime; link=\u00a0\u00bburl:https%3A%2F%2Flandenberg.ch%2Ffr%2Freferences%2F|title:R%C3%A9f%C3%A9rences|\u00a0\u00bb uncode_shortcode_id=\u00a0\u00bb121560&Prime; button_color_type=\u00a0\u00bbuncode-palette\u00a0\u00bb]Plus de r\u00e9f\u00e9rences[\/vc_button][vc_empty_space empty_h=\u00a0\u00bb3&Prime;][\/vc_column_inner][vc_column_inner width=\u00a0\u00bb1\/2&Prime;][vc_column_text uncode_shortcode_id=\u00a0\u00bb187169&Prime;]Saisir et transporter des cintres \u00e0 rideaux, c&rsquo;est du pass\u00e9.<\/p>\n<p>Avec la toute nouvelle bo\u00eete \u00ab\u00a0Project L\u00a0\u00bb, vous avez toujours avec vous les articles de rideaux les plus importants et les plus percutants, class\u00e9s par cat\u00e9gorie d&rsquo;utilisation.<\/p>\n<p>Maniable, l\u00e9ger et styl\u00e9, \u00ab\u00a0Project L\u00a0\u00bb est votre fid\u00e8le compagnon pour des conseils de style sur les objets et les particuliers. Les onglets lat\u00e9raux class\u00e9s par cat\u00e9gories vous guident de mani\u00e8re claire et rapide vers le bon article.<\/p>\n<p>Le rideau doit-il avoir un effet d&rsquo;absorption acoustique ?<br \/>\nPas de probl\u00e8me, dans chaque cat\u00e9gorie principale, vous trouverez nos tissus acoustiques de haute qualit\u00e9. Les \u00e9chantillons de plus grande taille pour la salle de maquette ou une comparaison de couleurs sont disponibles sur place dans les plus brefs d\u00e9lais. Et si des questions techniques concernant le tissu se posent, vous les trouverez sur l&rsquo;\u00e9chantillon correspondant ou via le code QR sous forme de fiche technique \u00e0 t\u00e9l\u00e9charger.<\/p>\n<p>La mise \u00e0 jour des \u00e9chantillons est effectu\u00e9e automatiquement par Landenberg, votre bo\u00eete est donc toujours \u00e0 jour, compl\u00e8te et \u00e9quilibr\u00e9e.[\/vc_column_text][vc_icon position=\u00a0\u00bbleft\u00a0\u00bb icon=\u00a0\u00bbfa fa-play\u00a0\u00bb background_style=\u00a0\u00bbfa-rounded\u00a0\u00bb size=\u00a0\u00bbfa-2x\u00a0\u00bb icon_automatic=\u00a0\u00bbyes\u00a0\u00bb shadow=\u00a0\u00bbyes\u00a0\u00bb text_size=\u00a0\u00bbh5&Prime; text_weight=\u00a0\u00bb300&Prime; uncode_shortcode_id=\u00a0\u00bb782513&Prime; title=\u00a0\u00bbRideau sur le conseil en tissus styl\u00e9\u00a0\u00bb link=\u00a0\u00bburl:https%3A%2F%2Fyoutu.be%2FbJqf4Yde6CU|title:Projet%20L|target:_blank|\u00a0\u00bb][\/vc_icon][vc_empty_space empty_h=\u00a0\u00bb2&Prime;][\/vc_column_inner][\/vc_row_inner][\/vc_column][\/vc_row][vc_row row_height_percent=\u00a0\u00bb0&Prime; overlay_alpha=\u00a0\u00bb50&Prime; gutter_size=\u00a0\u00bb3&Prime; column_width_percent=\u00a0\u00bb100&Prime; shift_y=\u00a0\u00bb0&Prime; z_index=\u00a0\u00bb0&Prime; uncode_shortcode_id=\u00a0\u00bb529110&Prime;][vc_column width=\u00a0\u00bb1\/1&Prime;][vc_custom_heading heading_semantic=\u00a0\u00bbh3&Prime; uncode_shortcode_id=\u00a0\u00bb130614&Prime;]Fiches techniques Project L[\/vc_custom_heading][vc_row_inner limit_content=\u00a0\u00bb\u00a0\u00bb][vc_column_inner width=\u00a0\u00bb1\/4&Prime;][vc_column_text uncode_shortcode_id=\u00a0\u00bb133602&Prime;]<a href=\"https:\/\/landenberg.ch\/wp-content\/uploads\/2025\/03\/20003-Santorini-Datenblatt.pdf\" target=\"_blank\" rel=\"noopener\">20003 Santorini<\/a><\/p>\n<p><a href=\"\/wp-content\/uploads\/2023\/02\/20068-Lana-Datenblatt.pdf\" target=\"_blank\" rel=\"noopener\">20068 Lana<\/a><\/p>\n<p><a href=\"\/wp-content\/uploads\/2023\/02\/20077-Astro-FR-Datenblatt.pdf\" target=\"_blank\" rel=\"noopener\">20077 Astro FR<\/a><\/p>\n<p><a href=\"https:\/\/landenberg.ch\/wp-content\/uploads\/2024\/07\/20096-Rustic-Blackout-Datenblatt.pdf\" target=\"_blank\" rel=\"noopener\">20096 Rustic Blackout<\/a><\/p>\n<p><a href=\"\/wp-content\/uploads\/2023\/02\/20098-Tweed-FR-Datenblatt.pdf\" target=\"_blank\" rel=\"noopener\">20098 Tweed FR<\/a>[\/vc_column_text][\/vc_column_inner][vc_column_inner width=\u00a0\u00bb1\/4&Prime;][vc_column_text uncode_shortcode_id=\u00a0\u00bb195861&Prime;]<a href=\"\/wp-content\/uploads\/2023\/02\/20099-Opus-CS-Datenblatt.pdf\" target=\"_blank\" rel=\"noopener\">20099 Opus CS<\/a><\/p>\n<p><a href=\"\/wp-content\/uploads\/2023\/02\/20101-Senta-CS-Datenblatt.pdf\" target=\"_blank\" rel=\"noopener\">20101 Senta CS<\/a><\/p>\n<p><a href=\"\/wp-content\/uploads\/2023\/02\/20102-Adonis-FR-Datenblatt.pdf\" target=\"_blank\" rel=\"noopener\">20102 Adonis FR<\/a><\/p>\n<p><a href=\"https:\/\/landenberg.ch\/wp-content\/uploads\/2025\/03\/20111-Advance-Blackout-FR-Datenblatt-1.pdf\" target=\"_blank\" rel=\"noopener\">20111 Advance Blackout FR<\/a><\/p>\n<p><a href=\"\/wp-content\/uploads\/2023\/02\/60001-Mississippi-Datenblatt.pdf\" target=\"_blank\" rel=\"noopener\">60001 Mississippi<\/a>[\/vc_column_text][\/vc_column_inner][vc_column_inner width=\u00a0\u00bb1\/4&Prime;][vc_column_text uncode_shortcode_id=\u00a0\u00bb977557&Prime;]<a href=\"\/wp-content\/uploads\/2023\/02\/60021-Santiago-CS-Datenblatt.pdf\" target=\"_blank\" rel=\"noopener\">60021 Santiago CS<\/a><\/p>\n<p><a href=\"\/wp-content\/uploads\/2023\/02\/60042-Chiara-Datenblatt.pdf\" target=\"_blank\" rel=\"noopener\">60042 Chiara<\/a><\/p>\n<p><a href=\"https:\/\/landenberg.ch\/wp-content\/uploads\/2025\/03\/60099-Decibel-CS-Datenblatt.pdf\" target=\"_blank\" rel=\"noopener\">60099 Decibel CS<\/a><\/p>\n<p><a href=\"https:\/\/landenberg.ch\/wp-content\/uploads\/2024\/08\/60147-Marquisette-CS-Datenblatt.pdf\" target=\"_blank\" rel=\"noopener\">60147 Marquisette CS<\/a>[\/vc_column_text][\/vc_column_inner][vc_column_inner width=\u00a0\u00bb1\/4&Prime;][vc_column_text uncode_shortcode_id=\u00a0\u00bb535884&Prime;]<a href=\"\/wp-content\/uploads\/2023\/02\/60194-Mute-CS-Datenblatt.pdf\" target=\"_blank\" rel=\"noopener\">60194 Mute CS<\/a><\/p>\n<p><a href=\"\/wp-content\/uploads\/2023\/02\/60198-Lino-FR-Datenblatt.pdf\" target=\"_blank\" rel=\"noopener\">60198 Lino FR<\/a><\/p>\n<p><a href=\"https:\/\/landenberg.ch\/wp-content\/uploads\/2025\/03\/60205-Phantom-CS-Datenblatt-1.pdf\" target=\"_blank\" rel=\"noopener\">60205 Phantom CS<\/a><\/p>\n<p><a href=\"https:\/\/landenberg.ch\/wp-content\/uploads\/2025\/03\/60210-Spezia-FR-Datenblatt-1.pdf\" target=\"_blank\" rel=\"noopener\">60210 Spezia FR<\/a><\/p>\n<p><a href=\"https:\/\/landenberg.ch\/wp-content\/uploads\/2025\/03\/60216-Focus-FR-Datenblatt.pdf\" target=\"_blank\" rel=\"noopener\">60216 Focus FR<\/a><\/p>\n<p><a href=\"https:\/\/landenberg.ch\/wp-content\/uploads\/2025\/03\/60217-Lucca-FR-Datenblatt-1.pdf\" target=\"_blank\" rel=\"noopener\">60217 Lucca FR<\/a>[\/vc_column_text][\/vc_column_inner][\/vc_row_inner][\/vc_column][\/vc_row][vc_row row_height_percent=\u00a0\u00bb0&Prime; overlay_alpha=\u00a0\u00bb50&Prime; gutter_size=\u00a0\u00bb3&Prime; column_width_percent=\u00a0\u00bb100&Prime; shift_y=\u00a0\u00bb0&Prime; z_index=\u00a0\u00bb0&Prime; desktop_visibility=\u00a0\u00bbyes\u00a0\u00bb medium_visibility=\u00a0\u00bbyes\u00a0\u00bb mobile_visibility=\u00a0\u00bbyes\u00a0\u00bb uncode_shortcode_id=\u00a0\u00bb963857&Prime;][vc_column width=\u00a0\u00bb1\/1&Prime;][vc_custom_heading heading_semantic=\u00a0\u00bbh3&Prime; uncode_shortcode_id=\u00a0\u00bb343862&Prime;]Fiches techniques &#8211; autres articles[\/vc_custom_heading][vc_row_inner limit_content=\u00a0\u00bb\u00a0\u00bb][vc_column_inner width=\u00a0\u00bb1\/4&Prime;][vc_column_text uncode_shortcode_id=\u00a0\u00bb203863&Prime;]<a href=\"\/wp-content\/uploads\/2023\/02\/20003-Santorini-Datenblatt.pdf\" target=\"_blank\" rel=\"noopener\">20003 Santorini<\/a><\/p>\n<p><a href=\"\/wp-content\/uploads\/2023\/02\/20068-Lana-Datenblatt.pdf\" target=\"_blank\" rel=\"noopener\">20068 Lana<\/a><\/p>\n<p><a href=\"\/wp-content\/uploads\/2023\/02\/20077-Astro-FR-Datenblatt.pdf\" target=\"_blank\" rel=\"noopener\">20077 Astro FR<\/a><\/p>\n<p><a href=\"\/wp-content\/uploads\/2023\/02\/20087-Attraction-Blackout-Datenblatt.pdf\" target=\"_blank\" rel=\"noopener\">20087 Attraction Blackout<\/a><\/p>\n<p><a href=\"\/wp-content\/uploads\/2023\/02\/20096-Rustic-Blackout-Datenblatt.pdf\" target=\"_blank\" rel=\"noopener\">20096 Rustic Blackout<\/a>[\/vc_column_text][\/vc_column_inner][vc_column_inner width=\u00a0\u00bb1\/4&Prime;][vc_column_text uncode_shortcode_id=\u00a0\u00bb105944&Prime;]<a href=\"\/wp-content\/uploads\/2023\/02\/20098-Tweed-FR-Datenblatt.pdf\" target=\"_blank\" rel=\"noopener\">20098 Tweed FR<\/a><\/p>\n<p><a href=\"\/wp-content\/uploads\/2023\/02\/20099-Opus-CS-Datenblatt.pdf\" target=\"_blank\" rel=\"noopener\">20099 Opus CS<\/a><\/p>\n<p><a href=\"\/wp-content\/uploads\/2023\/02\/20101-Senta-CS-Datenblatt.pdf\" target=\"_blank\" rel=\"noopener\">20101 Senta CS<\/a><\/p>\n<p><a href=\"\/wp-content\/uploads\/2023\/02\/20102-Adonis-FR-Datenblatt.pdf\" target=\"_blank\" rel=\"noopener\">20102 Adonis FR<\/a><\/p>\n<p><a href=\"\/wp-content\/uploads\/2023\/02\/60001-Mississippi-Datenblatt.pdf\" target=\"_blank\" rel=\"noopener\">60001 Mississippi<\/a>[\/vc_column_text][\/vc_column_inner][vc_column_inner width=\u00a0\u00bb1\/4&Prime;][vc_column_text uncode_shortcode_id=\u00a0\u00bb179593&Prime;]<a href=\"\/wp-content\/uploads\/2023\/02\/60007-Samanta-Datenblatt.pdf\" target=\"_blank\" rel=\"noopener\">60007 Samanta<\/a><\/p>\n<p><a href=\"\/wp-content\/uploads\/2023\/02\/60021-Santiago-CS-Datenblatt.pdf\" target=\"_blank\" rel=\"noopener\">60021 Santiago CS<\/a><\/p>\n<p><a href=\"\/wp-content\/uploads\/2023\/02\/60042-Chiara-Datenblatt.pdf\" target=\"_blank\" rel=\"noopener\">60042 Chiara<\/a><\/p>\n<p><a href=\"\/wp-content\/uploads\/2023\/02\/60099-Decibel-CS-Datenblatt.pdf\" target=\"_blank\" rel=\"noopener\">60099 Decibel CS<\/a><\/p>\n<p><a href=\"\/wp-content\/uploads\/2023\/02\/60147-Marquisette-CS-Datenblatt.pdf\" target=\"_blank\" rel=\"noopener\">60147 Marquisette CS<\/a>[\/vc_column_text][\/vc_column_inner][vc_column_inner width=\u00a0\u00bb1\/4&Prime;][vc_column_text uncode_shortcode_id=\u00a0\u00bb111243&Prime;]<a href=\"\/wp-content\/uploads\/2023\/02\/60182-Ravenna-CS-Datenblatt.pdf\" target=\"_blank\" rel=\"noopener\">60182 Ravenne CS<\/a><\/p>\n<p><a href=\"\/wp-content\/uploads\/2023\/02\/60188-Leon-FR-Datenblatt.pdf\" target=\"_blank\" rel=\"noopener\">60188 Leon FR<\/a><\/p>\n<p><a href=\"\/wp-content\/uploads\/2023\/02\/60194-Mute-CS-Datenblatt.pdf\" target=\"_blank\" rel=\"noopener\">60194 Mute CS<\/a><\/p>\n<p><a href=\"\/wp-content\/uploads\/2023\/02\/60196-Sina-CS-Datenblatt.pdf\" target=\"_blank\" rel=\"noopener\">60196 Sina CS<\/a><\/p>\n<p><a href=\"\/wp-content\/uploads\/2023\/02\/60198-Lino-FR-Datenblatt.pdf\" target=\"_blank\" rel=\"noopener\">60198 Lino FR<\/a>[\/vc_column_text][\/vc_column_inner][\/vc_row_inner][\/vc_column][\/vc_row]<\/p>\n<\/div>","protected":false},"excerpt":{"rendered":"<p>[vc_row row_height_percent=\u00a0\u00bb100&Prime; override_padding=\u00a0\u00bbyes\u00a0\u00bb h_padding=\u00a0\u00bb2&Prime; top_padding=\u00a0\u00bb7&Prime; bottom_padding=\u00a0\u00bb7&Prime; back_color=\u00a0\u00bbcolor-nhtu\u00a0\u00bb back_image=\u00a0\u00bb118088&Prime; back_position=\u00a0\u00bbcenter bottom\u00a0\u00bb overlay_color=\u00a0\u00bbcolor-nhtu\u00a0\u00bb overlay_alpha=\u00a0\u00bb15&Prime; gutter_size=\u00a0\u00bb4&Prime; column_width_percent=\u00a0\u00bb100&Prime; shift_y=\u00a0\u00bb0&Prime; z_index=\u00a0\u00bb0&Prime; enable_bottom_divider=\u00a0\u00bbdefault\u00a0\u00bb bottom_divider=\u00a0\u00bbgradient\u00a0\u00bb shape_bottom_h_use_pixel=\u00a0\u00bbtrue\u00a0\u00bb shape_bottom_height_percent=\u00a0\u00bb65&Prime; [&hellip;]<\/p>\n","protected":false},"author":1,"featured_media":0,"parent":0,"menu_order":30,"comment_status":"closed","ping_status":"closed","template":"","meta":{"footnotes":""},"class_list":["post-118957","page","type-page","status-publish","hentry"],"yoast_head":"<!-- This site is optimized with the Yoast SEO plugin v27.3 - https:\/\/yoast.com\/product\/yoast-seo-wordpress\/ -->\n<title>Contrat - Landenberg<\/title>\n<meta name=\"robots\" content=\"index, follow, max-snippet:-1, max-image-preview:large, max-video-preview:-1\" \/>\n<link rel=\"canonical\" href=\"https:\/\/landenberg.ch\/fr\/contrat\/\" \/>\n<meta property=\"og:locale\" content=\"fr_FR\" \/>\n<meta property=\"og:type\" content=\"article\" \/>\n<meta property=\"og:title\" content=\"Contrat - Landenberg\" \/>\n<meta property=\"og:description\" content=\"[vc_row row_height_percent=\u00a0\u00bb100&Prime; override_padding=\u00a0\u00bbyes\u00a0\u00bb h_padding=\u00a0\u00bb2&Prime; top_padding=\u00a0\u00bb7&Prime; bottom_padding=\u00a0\u00bb7&Prime; back_color=\u00a0\u00bbcolor-nhtu\u00a0\u00bb back_image=\u00a0\u00bb118088&Prime; back_position=\u00a0\u00bbcenter bottom\u00a0\u00bb overlay_color=\u00a0\u00bbcolor-nhtu\u00a0\u00bb overlay_alpha=\u00a0\u00bb15&Prime; gutter_size=\u00a0\u00bb4&Prime; column_width_percent=\u00a0\u00bb100&Prime; shift_y=\u00a0\u00bb0&Prime; z_index=\u00a0\u00bb0&Prime; enable_bottom_divider=\u00a0\u00bbdefault\u00a0\u00bb bottom_divider=\u00a0\u00bbgradient\u00a0\u00bb shape_bottom_h_use_pixel=\u00a0\u00bbtrue\u00a0\u00bb shape_bottom_height_percent=\u00a0\u00bb65&Prime; [&hellip;]\" \/>\n<meta property=\"og:url\" content=\"https:\/\/landenberg.ch\/fr\/contrat\/\" \/>\n<meta property=\"og:site_name\" content=\"Landenberg\" \/>\n<meta property=\"article:publisher\" content=\"https:\/\/www.facebook.com\/LandenbergAG\/\" \/>\n<meta property=\"article:modified_time\" content=\"2026-02-10T13:09:10+00:00\" \/>\n<meta name=\"twitter:card\" content=\"summary_large_image\" \/>\n<meta name=\"twitter:label1\" content=\"Dur\u00e9e de lecture estim\u00e9e\" \/>\n\t<meta name=\"twitter:data1\" content=\"5 minutes\" \/>\n<script type=\"application\/ld+json\" class=\"yoast-schema-graph\">{\"@context\":\"https:\\\/\\\/schema.org\",\"@graph\":[{\"@type\":\"WebPage\",\"@id\":\"https:\\\/\\\/landenberg.ch\\\/fr\\\/contrat\\\/\",\"url\":\"https:\\\/\\\/landenberg.ch\\\/fr\\\/contrat\\\/\",\"name\":\"Contrat - Landenberg\",\"isPartOf\":{\"@id\":\"https:\\\/\\\/landenberg.ch\\\/#website\"},\"datePublished\":\"2022-12-15T08:55:42+00:00\",\"dateModified\":\"2026-02-10T13:09:10+00:00\",\"breadcrumb\":{\"@id\":\"https:\\\/\\\/landenberg.ch\\\/fr\\\/contrat\\\/#breadcrumb\"},\"inLanguage\":\"fr-FR\",\"potentialAction\":[{\"@type\":\"ReadAction\",\"target\":[\"https:\\\/\\\/landenberg.ch\\\/fr\\\/contrat\\\/\"]}]},{\"@type\":\"BreadcrumbList\",\"@id\":\"https:\\\/\\\/landenberg.ch\\\/fr\\\/contrat\\\/#breadcrumb\",\"itemListElement\":[{\"@type\":\"ListItem\",\"position\":1,\"name\":\"Startseite\",\"item\":\"https:\\\/\\\/landenberg.ch\\\/fr\\\/landenberg-ag-diversite-textile\\\/\"},{\"@type\":\"ListItem\",\"position\":2,\"name\":\"Contrat\"}]},{\"@type\":\"WebSite\",\"@id\":\"https:\\\/\\\/landenberg.ch\\\/#website\",\"url\":\"https:\\\/\\\/landenberg.ch\\\/\",\"name\":\"Landenberg AG\",\"description\":\"Textile Vielfalt aus der Schweiz\",\"publisher\":{\"@id\":\"https:\\\/\\\/landenberg.ch\\\/#organization\"},\"potentialAction\":[{\"@type\":\"SearchAction\",\"target\":{\"@type\":\"EntryPoint\",\"urlTemplate\":\"https:\\\/\\\/landenberg.ch\\\/?s={search_term_string}\"},\"query-input\":{\"@type\":\"PropertyValueSpecification\",\"valueRequired\":true,\"valueName\":\"search_term_string\"}}],\"inLanguage\":\"fr-FR\"},{\"@type\":\"Organization\",\"@id\":\"https:\\\/\\\/landenberg.ch\\\/#organization\",\"name\":\"Landenberg AG\",\"url\":\"https:\\\/\\\/landenberg.ch\\\/\",\"logo\":{\"@type\":\"ImageObject\",\"inLanguage\":\"fr-FR\",\"@id\":\"https:\\\/\\\/landenberg.ch\\\/#\\\/schema\\\/logo\\\/image\\\/\",\"url\":\"https:\\\/\\\/landenberg.ch\\\/wp-content\\\/uploads\\\/2022\\\/11\\\/Landenberg_P-333C.png\",\"contentUrl\":\"https:\\\/\\\/landenberg.ch\\\/wp-content\\\/uploads\\\/2022\\\/11\\\/Landenberg_P-333C.png\",\"width\":1035,\"height\":191,\"caption\":\"Landenberg AG\"},\"image\":{\"@id\":\"https:\\\/\\\/landenberg.ch\\\/#\\\/schema\\\/logo\\\/image\\\/\"},\"sameAs\":[\"https:\\\/\\\/www.facebook.com\\\/LandenbergAG\\\/\",\"https:\\\/\\\/www.instagram.com\\\/landenbergag\\\/\",\"https:\\\/\\\/ch.linkedin.com\\\/company\\\/stardecor-landenberg\"]}]}<\/script>\n<!-- \/ Yoast SEO plugin. -->","yoast_head_json":{"title":"Contrat - Landenberg","robots":{"index":"index","follow":"follow","max-snippet":"max-snippet:-1","max-image-preview":"max-image-preview:large","max-video-preview":"max-video-preview:-1"},"canonical":"https:\/\/landenberg.ch\/fr\/contrat\/","og_locale":"fr_FR","og_type":"article","og_title":"Contrat - Landenberg","og_description":"[vc_row row_height_percent=\u00a0\u00bb100&Prime; override_padding=\u00a0\u00bbyes\u00a0\u00bb h_padding=\u00a0\u00bb2&Prime; top_padding=\u00a0\u00bb7&Prime; bottom_padding=\u00a0\u00bb7&Prime; back_color=\u00a0\u00bbcolor-nhtu\u00a0\u00bb back_image=\u00a0\u00bb118088&Prime; back_position=\u00a0\u00bbcenter bottom\u00a0\u00bb overlay_color=\u00a0\u00bbcolor-nhtu\u00a0\u00bb overlay_alpha=\u00a0\u00bb15&Prime; gutter_size=\u00a0\u00bb4&Prime; column_width_percent=\u00a0\u00bb100&Prime; shift_y=\u00a0\u00bb0&Prime; z_index=\u00a0\u00bb0&Prime; enable_bottom_divider=\u00a0\u00bbdefault\u00a0\u00bb bottom_divider=\u00a0\u00bbgradient\u00a0\u00bb shape_bottom_h_use_pixel=\u00a0\u00bbtrue\u00a0\u00bb shape_bottom_height_percent=\u00a0\u00bb65&Prime; [&hellip;]","og_url":"https:\/\/landenberg.ch\/fr\/contrat\/","og_site_name":"Landenberg","article_publisher":"https:\/\/www.facebook.com\/LandenbergAG\/","article_modified_time":"2026-02-10T13:09:10+00:00","twitter_card":"summary_large_image","twitter_misc":{"Dur\u00e9e de lecture estim\u00e9e":"5 minutes"},"schema":{"@context":"https:\/\/schema.org","@graph":[{"@type":"WebPage","@id":"https:\/\/landenberg.ch\/fr\/contrat\/","url":"https:\/\/landenberg.ch\/fr\/contrat\/","name":"Contrat - Landenberg","isPartOf":{"@id":"https:\/\/landenberg.ch\/#website"},"datePublished":"2022-12-15T08:55:42+00:00","dateModified":"2026-02-10T13:09:10+00:00","breadcrumb":{"@id":"https:\/\/landenberg.ch\/fr\/contrat\/#breadcrumb"},"inLanguage":"fr-FR","potentialAction":[{"@type":"ReadAction","target":["https:\/\/landenberg.ch\/fr\/contrat\/"]}]},{"@type":"BreadcrumbList","@id":"https:\/\/landenberg.ch\/fr\/contrat\/#breadcrumb","itemListElement":[{"@type":"ListItem","position":1,"name":"Startseite","item":"https:\/\/landenberg.ch\/fr\/landenberg-ag-diversite-textile\/"},{"@type":"ListItem","position":2,"name":"Contrat"}]},{"@type":"WebSite","@id":"https:\/\/landenberg.ch\/#website","url":"https:\/\/landenberg.ch\/","name":"Landenberg AG","description":"Textile Vielfalt aus der Schweiz","publisher":{"@id":"https:\/\/landenberg.ch\/#organization"},"potentialAction":[{"@type":"SearchAction","target":{"@type":"EntryPoint","urlTemplate":"https:\/\/landenberg.ch\/?s={search_term_string}"},"query-input":{"@type":"PropertyValueSpecification","valueRequired":true,"valueName":"search_term_string"}}],"inLanguage":"fr-FR"},{"@type":"Organization","@id":"https:\/\/landenberg.ch\/#organization","name":"Landenberg AG","url":"https:\/\/landenberg.ch\/","logo":{"@type":"ImageObject","inLanguage":"fr-FR","@id":"https:\/\/landenberg.ch\/#\/schema\/logo\/image\/","url":"https:\/\/landenberg.ch\/wp-content\/uploads\/2022\/11\/Landenberg_P-333C.png","contentUrl":"https:\/\/landenberg.ch\/wp-content\/uploads\/2022\/11\/Landenberg_P-333C.png","width":1035,"height":191,"caption":"Landenberg AG"},"image":{"@id":"https:\/\/landenberg.ch\/#\/schema\/logo\/image\/"},"sameAs":["https:\/\/www.facebook.com\/LandenbergAG\/","https:\/\/www.instagram.com\/landenbergag\/","https:\/\/ch.linkedin.com\/company\/stardecor-landenberg"]}]}},"_links":{"self":[{"href":"https:\/\/landenberg.ch\/fr\/wp-json\/wp\/v2\/pages\/118957","targetHints":{"allow":["GET"]}}],"collection":[{"href":"https:\/\/landenberg.ch\/fr\/wp-json\/wp\/v2\/pages"}],"about":[{"href":"https:\/\/landenberg.ch\/fr\/wp-json\/wp\/v2\/types\/page"}],"author":[{"embeddable":true,"href":"https:\/\/landenberg.ch\/fr\/wp-json\/wp\/v2\/users\/1"}],"replies":[{"embeddable":true,"href":"https:\/\/landenberg.ch\/fr\/wp-json\/wp\/v2\/comments?post=118957"}],"version-history":[{"count":39,"href":"https:\/\/landenberg.ch\/fr\/wp-json\/wp\/v2\/pages\/118957\/revisions"}],"predecessor-version":[{"id":119681,"href":"https:\/\/landenberg.ch\/fr\/wp-json\/wp\/v2\/pages\/118957\/revisions\/119681"}],"wp:attachment":[{"href":"https:\/\/landenberg.ch\/fr\/wp-json\/wp\/v2\/media?parent=118957"}],"curies":[{"name":"wp","href":"https:\/\/api.w.org\/{rel}","templated":true}]}}