{"id":118968,"date":"2023-02-08T13:19:07","date_gmt":"2023-02-08T13:19:07","guid":{"rendered":"https:\/\/landenberg.ch\/conditions-generales-de-vente\/"},"modified":"2023-09-20T06:45:35","modified_gmt":"2023-09-20T06:45:35","slug":"conditions-generales-de-vente","status":"publish","type":"page","link":"https:\/\/landenberg.ch\/fr\/conditions-generales-de-vente\/","title":{"rendered":"CONDITIONS G\u00c9N\u00c9RALES DE VENTE"},"content":{"rendered":"<div class=\"wpb-content-wrapper\"><p>[vc_row row_height_percent=\u00a0\u00bb100&Prime; override_padding=\u00a0\u00bbyes\u00a0\u00bb h_padding=\u00a0\u00bb2&Prime; top_padding=\u00a0\u00bb7&Prime; bottom_padding=\u00a0\u00bb7&Prime; back_color=\u00a0\u00bbcolor-nhtu\u00a0\u00bb back_image=\u00a0\u00bb118090&Prime; back_position=\u00a0\u00bbcenter top\u00a0\u00bb overlay_color=\u00a0\u00bbcolor-nhtu\u00a0\u00bb overlay_alpha=\u00a0\u00bb15&Prime; gutter_size=\u00a0\u00bb4&Prime; column_width_percent=\u00a0\u00bb100&Prime; shift_y=\u00a0\u00bb0&Prime; z_index=\u00a0\u00bb0&Prime; enable_bottom_divider=\u00a0\u00bbdefault\u00a0\u00bb bottom_divider=\u00a0\u00bbgradient\u00a0\u00bb shape_bottom_h_use_pixel=\u00a0\u00bbtrue\u00a0\u00bb shape_bottom_height_percent=\u00a0\u00bb65&Prime; shape_bottom_color=\u00a0\u00bbcolor-jevc\u00a0\u00bb shape_bottom_opacity=\u00a0\u00bb65&Prime; shape_bottom_index=\u00a0\u00bb0&Prime; uncode_shortcode_id=\u00a0\u00bb107887&Prime; back_color_type=\u00a0\u00bbuncode-palette\u00a0\u00bb overlay_color_type=\u00a0\u00bbuncode-palette\u00a0\u00bb shape_bottom_color_type=\u00a0\u00bbuncode-palette\u00a0\u00bb][vc_column column_width_percent=\u00a0\u00bb100&Prime; position_vertical=\u00a0\u00bbmiddle\u00a0\u00bb gutter_size=\u00a0\u00bb2&Prime; style=\u00a0\u00bbdark\u00a0\u00bb overlay_alpha=\u00a0\u00bb50&Prime; shift_x=\u00a0\u00bb0&Prime; shift_y=\u00a0\u00bb0&Prime; shift_y_down=\u00a0\u00bb0&Prime; z_index=\u00a0\u00bb0&Prime; medium_width=\u00a0\u00bb0&Prime; mobile_width=\u00a0\u00bb0&Prime; parallax_intensity=\u00a0\u00bb3&Prime; parallax_centered=\u00a0\u00bbyes\u00a0\u00bb width=\u00a0\u00bb1\/1&Prime; uncode_shortcode_id=\u00a0\u00bb146088&Prime;][vc_row_inner row_inner_height_percent=\u00a0\u00bb0&Prime; overlay_alpha=\u00a0\u00bb50&Prime; gutter_size=\u00a0\u00bb4&Prime; shift_y=\u00a0\u00bb0&Prime; z_index=\u00a0\u00bb0&Prime; limit_content=\u00a0\u00bb\u00a0\u00bb uncode_shortcode_id=\u00a0\u00bb475311&Prime;][vc_column_inner column_width_percent=\u00a0\u00bb100&Prime; position_vertical=\u00a0\u00bbmiddle\u00a0\u00bb gutter_size=\u00a0\u00bb2&Prime; style=\u00a0\u00bbdark\u00a0\u00bb overlay_alpha=\u00a0\u00bb50&Prime; shift_x=\u00a0\u00bb0&Prime; shift_y=\u00a0\u00bb0&Prime; shift_y_down=\u00a0\u00bb0&Prime; z_index=\u00a0\u00bb0&Prime; medium_width=\u00a0\u00bb0&Prime; mobile_width=\u00a0\u00bb0&Prime; width=\u00a0\u00bb7\/12&Prime;][vc_custom_heading heading_semantic=\u00a0\u00bbh1&Prime; text_size=\u00a0\u00bb\u00a0\u00bb text_weight=\u00a0\u00bb300&Prime; uncode_shortcode_id=\u00a0\u00bb113552&Prime;]Conditions g\u00e9n\u00e9rales de vente[\/vc_custom_heading][vc_empty_space empty_h=\u00a0\u00bb1&Prime;][\/vc_column_inner][vc_column_inner column_width_percent=\u00a0\u00bb100&Prime; position_vertical=\u00a0\u00bbmiddle\u00a0\u00bb align_horizontal=\u00a0\u00bbalign_center\u00a0\u00bb gutter_size=\u00a0\u00bb1&Prime; overlay_alpha=\u00a0\u00bb50&Prime; shift_x=\u00a0\u00bb0&Prime; shift_y=\u00a0\u00bb0&Prime; shift_y_down=\u00a0\u00bb0&Prime; z_index=\u00a0\u00bb0&Prime; medium_visibility=\u00a0\u00bbyes\u00a0\u00bb medium_width=\u00a0\u00bb0&Prime; mobile_visibility=\u00a0\u00bbyes\u00a0\u00bb mobile_width=\u00a0\u00bb0&Prime; css_animation=\u00a0\u00bbzoom-in\u00a0\u00bb animation_speed=\u00a0\u00bb1000&Prime; animation_delay=\u00a0\u00bb1400&Prime; radius=\u00a0\u00bbsm\u00a0\u00bb shadow=\u00a0\u00bblg\u00a0\u00bb shadow_darker=\u00a0\u00bbyes\u00a0\u00bb width=\u00a0\u00bb5\/12&Prime; uncode_shortcode_id=\u00a0\u00bb140317&Prime;][\/vc_column_inner][\/vc_row_inner][\/vc_column][\/vc_row][vc_row row_height_percent=\u00a0\u00bb0&Prime; override_padding=\u00a0\u00bbyes\u00a0\u00bb h_padding=\u00a0\u00bb2&Prime; top_padding=\u00a0\u00bb4&Prime; bottom_padding=\u00a0\u00bb4&Prime; overlay_alpha=\u00a0\u00bb50&Prime; gutter_size=\u00a0\u00bb3&Prime; column_width_percent=\u00a0\u00bb100&Prime; shift_y=\u00a0\u00bb0&Prime; z_index=\u00a0\u00bb0&Prime; uncode_shortcode_id=\u00a0\u00bb547692&Prime;][vc_column column_width_percent=\u00a0\u00bb100&Prime; gutter_size=\u00a0\u00bb2&Prime; override_padding=\u00a0\u00bbyes\u00a0\u00bb column_padding=\u00a0\u00bb0&Prime; overlay_alpha=\u00a0\u00bb50&Prime; shift_x=\u00a0\u00bb0&Prime; shift_y=\u00a0\u00bb0&Prime; shift_y_down=\u00a0\u00bb0&Prime; z_index=\u00a0\u00bb0&Prime; medium_width=\u00a0\u00bb0&Prime; mobile_width=\u00a0\u00bb0&Prime; radius=\u00a0\u00bbsm\u00a0\u00bb width=\u00a0\u00bb1\/1&Prime;][vc_row_inner][vc_column_inner width=\u00a0\u00bb1\/1&Prime;][vc_custom_heading uncode_shortcode_id=\u00a0\u00bb157395&Prime;]Remise d&rsquo;exposition[\/vc_custom_heading][vc_column_text uncode_shortcode_id=\u00a0\u00bb154115&Prime;]Jusqu&rsquo;\u00e0 3 m, vous b\u00e9n\u00e9ficiez d&rsquo;une r\u00e9duction de 30%.[\/vc_column_text][vc_empty_space empty_h=\u00a0\u00bb2&Prime;][vc_custom_heading uncode_shortcode_id=\u00a0\u00bb202491&Prime;]Commandes[\/vc_custom_heading][vc_column_text uncode_shortcode_id=\u00a0\u00bb131504&Prime;]Afin de garantir le bon traitement de votre commande, nous vous prions de nous communiquer toutes les informations pertinentes concernant le tissu souhait\u00e9 :<\/p>\n<ul>\n<li>Num\u00e9ro d&rsquo;article<\/li>\n<li>D\u00e9signation de l&rsquo;article<\/li>\n<li>Num\u00e9ro de couleur<\/li>\n<li>Fournisseur<\/li>\n<\/ul>\n<p>[\/vc_column_text][vc_empty_space empty_h=\u00a0\u00bb2&Prime;][vc_custom_heading uncode_shortcode_id=\u00a0\u00bb300047&Prime;]Couleurs[\/vc_custom_heading][vc_column_text uncode_shortcode_id=\u00a0\u00bb181568&Prime;]Notre objectif est de respecter le plus fid\u00e8lement possible les teintes des \u00e9chantillons. Les variations de couleur et de structure habituelles dans le secteur doivent toutefois \u00eatre tol\u00e9r\u00e9es. Si une correspondance exacte des couleurs est n\u00e9cessaire, veuillez nous communiquer par \u00e9crit l&rsquo;article, la couleur et les mesures n\u00e9cessaires. Nous vous envoyons imm\u00e9diatement un \u00e9chantillon original de notre stock et r\u00e9servons la quantit\u00e9 souhait\u00e9e pendant 10 jours ouvrables.[\/vc_column_text][vc_empty_space empty_h=\u00a0\u00bb2&Prime;][vc_custom_heading uncode_shortcode_id=\u00a0\u00bb139954&Prime;]\u00c9chantillon de pr\u00eat[\/vc_custom_heading][vc_column_text uncode_shortcode_id=\u00a0\u00bb214196&Prime;]Nous pouvons vous fournir en stock des \u00e9chantillons de pr\u00eat d&rsquo;une taille d&rsquo;environ A5. Les \u00e9chantillons de pr\u00eat non retourn\u00e9s ou endommag\u00e9s vous seront factur\u00e9s.<br \/>\nLe d\u00e9lai de livraison est d&rsquo;environ 6 \u00e0 12 jours ouvrables.[\/vc_column_text][vc_empty_space empty_h=\u00a0\u00bb2&Prime;][vc_custom_heading uncode_shortcode_id=\u00a0\u00bb166005&Prime;]Conditions de livraison[\/vc_custom_heading][vc_column_text uncode_shortcode_id=\u00a0\u00bb113013&Prime;]Livraison d\u00e9part entrep\u00f4t Teufen, non assur\u00e9e.<br \/>\nPort et emballage \u00e0 la charge du client, \u00e0 partir de Fr. 500.- franco domicile.[\/vc_column_text][vc_empty_space empty_h=\u00a0\u00bb2&Prime;][vc_custom_heading uncode_shortcode_id=\u00a0\u00bb171274&Prime;]Commandes suppl\u00e9mentaires[\/vc_custom_heading][vc_column_text uncode_shortcode_id=\u00a0\u00bb113000&Prime;]N&rsquo;oubliez pas : il se peut que le rouleau \u00e0 partir duquel votre commande initiale a \u00e9t\u00e9 coup\u00e9e soit d\u00e9j\u00e0 \u00e9puis\u00e9 ! C&rsquo;est pourquoi il est imp\u00e9ratif de mentionner sur votre commande ult\u00e9rieure \u00ab\u00a0m\u00eame nuance de couleur que la facture &#8230;.. du &#8230;..\u00a0\u00bb. Nous vous contacterons s&rsquo;il n&rsquo;y a plus de produit de couleur identique en stock.[\/vc_column_text][vc_empty_space empty_h=\u00a0\u00bb2&Prime;][vc_custom_heading uncode_shortcode_id=\u00a0\u00bb164077&Prime;]Rapports[\/vc_custom_heading][vc_column_text uncode_shortcode_id=\u00a0\u00bb130669&Prime;]Les donn\u00e9es figurant sur nos \u00e9tiquettes et listes de prix sont des valeurs moyennes. Lors de la d\u00e9coupe, nous tenons compte du rapport r\u00e9el du tissu concern\u00e9. Pour cette raison, la quantit\u00e9 de tissu livr\u00e9e peut diff\u00e9rer l\u00e9g\u00e8rement de la quantit\u00e9 command\u00e9e.[\/vc_column_text][vc_empty_space empty_h=\u00a0\u00bb2&Prime;][vc_custom_heading uncode_shortcode_id=\u00a0\u00bb822288&Prime;]R\u00e9servations[\/vc_custom_heading][vc_column_text uncode_shortcode_id=\u00a0\u00bb335378&Prime;]Veuillez nous communiquer par \u00e9crit l&rsquo;article, le dessin, la couleur, le m\u00e9trage n\u00e9cessaire et la dur\u00e9e de la r\u00e9servation. Vous recevrez une confirmation de r\u00e9servation de notre part. Sauf mention contraire, la dur\u00e9e de r\u00e9servation est de 10 jours ouvrables.[\/vc_column_text][vc_empty_space empty_h=\u00a0\u00bb2&Prime;][vc_custom_heading uncode_shortcode_id=\u00a0\u00bb166010&Prime;]R\u00e9clamations[\/vc_custom_heading][vc_column_text uncode_shortcode_id=\u00a0\u00bb816878&Prime;]Les r\u00e9clamations doivent \u00eatre communiqu\u00e9es par \u00e9crit dans un d\u00e9lai de 2 semaines. Aucune r\u00e9clamation ne sera accept\u00e9e apr\u00e8s la d\u00e9coupe ou le d\u00e9but de la transformation de la marchandise livr\u00e9e.<br \/>\nLes diff\u00e9rences de qualit\u00e9 usuelles dans le commerce et techniquement in\u00e9vitables, par exemple les diff\u00e9rences de couleur, de poids, d&rsquo;\u00e9quipement ou de dessin, ne peuvent pas faire l&rsquo;objet de r\u00e9clamations. La qualit\u00e9, la couleur, les dimensions et les d\u00e9fauts des tissus doivent \u00eatre contr\u00f4l\u00e9s avant la d\u00e9coupe. En cas de r\u00e9clamation justifi\u00e9e, seule la marchandise d\u00e9fectueuse sera remplac\u00e9e. Toute autre revendication est exclue.[\/vc_column_text][vc_empty_space empty_h=\u00a0\u00bb2&Prime;][vc_custom_heading uncode_shortcode_id=\u00a0\u00bb564128&Prime;]Conditions de reprise[\/vc_custom_heading][vc_column_text uncode_shortcode_id=\u00a0\u00bb185379&Prime;]Le revendeur, l&rsquo;atelier de couture et le client final sont tenus de v\u00e9rifier la livraison imm\u00e9diatement apr\u00e8s sa r\u00e9ception et de signaler par \u00e9crit les \u00e9ventuels d\u00e9fauts avant de traiter la marchandise, au plus tard dans les deux semaines suivant la r\u00e9ception. En cas d&rsquo;erreur de livraison ou de rideau mal livr\u00e9, Landenberg mettra imm\u00e9diatement en place une livraison de remplacement. Une annulation de la commande ne sera pas accept\u00e9e.<\/p>\n<p>Les diff\u00e9rences de dimensions en hauteur de +\/- 0.5cm sont dans la tol\u00e9rance et ne constituent pas un motif de r\u00e9clamation.<\/p>\n<p>Les rideaux en fibres naturelles pr\u00e9sentent souvent une faible stabilit\u00e9 dimensionnelle et peuvent s&rsquo;allonger ou r\u00e9tr\u00e9cir en fonction de la temp\u00e9rature et de l&rsquo;humidit\u00e9. Nous vous recommandons de confectionner des tissus pour rideaux en fibres naturelles avec un pourcentage de 20 % et plus au niveau du sol. De plus, les irr\u00e9gularit\u00e9s du tissu ainsi que les l\u00e9gers \u00e9paississements sont des caract\u00e9ristiques du lin et du coton et ne constituent pas un motif de r\u00e9clamation.<\/p>\n<p>Les tissus d\u00e9j\u00e0 d\u00e9coup\u00e9s ou transform\u00e9s ne sont pas repris.<\/p>\n<p>En r\u00e8gle g\u00e9n\u00e9rale, les tissus command\u00e9s par erreur ou \u00e0 double seront factur\u00e9s avec une r\u00e9duction de 20% du prix d&rsquo;achat, mais au minimum Fr. 10 euros seront factur\u00e9s.<\/p>\n<p>Les tissus qui ont \u00e9t\u00e9 nettoy\u00e9s ou trait\u00e9s de mani\u00e8re inappropri\u00e9e ne peuvent pas \u00eatre repris.[\/vc_column_text][vc_empty_space empty_h=\u00a0\u00bb2&Prime;][vc_custom_heading uncode_shortcode_id=\u00a0\u00bb109071&Prime;]Masse de coupe[\/vc_custom_heading][vc_column_text uncode_shortcode_id=\u00a0\u00bb134957&Prime;]Veuillez d\u00e9j\u00e0 indiquer les dimensions de coupe lors de votre commande. Pour des raisons d&rsquo;organisation, il n&rsquo;est malheureusement pas possible de livrer votre commande sous forme de l\u00e9s individuels d\u00e9coup\u00e9s.[\/vc_column_text][vc_empty_space empty_h=\u00a0\u00bb2&Prime;][vc_custom_heading uncode_shortcode_id=\u00a0\u00bb141742&Prime;]Achat de pi\u00e8ces[\/vc_custom_heading][vc_column_text uncode_shortcode_id=\u00a0\u00bb239451&Prime;]Pour une r\u00e9f\u00e9rence \u00e0 la pi\u00e8ce d&rsquo;environ 30 m, 3 erreurs sont consid\u00e9r\u00e9es comme une valeur de tol\u00e9rance. Les erreurs d\u00e9sign\u00e9es sont d\u00e9j\u00e0 r\u00e9mun\u00e9r\u00e9es par une d\u00e9duction de la valeur th\u00e9orique. Nous ne facturons que les kilom\u00e8tres nets.[\/vc_column_text][vc_empty_space empty_h=\u00a0\u00bb2&Prime;][vc_custom_heading uncode_shortcode_id=\u00a0\u00bb278037&Prime;]Annulations et modifications[\/vc_custom_heading][vc_column_text uncode_shortcode_id=\u00a0\u00bb150908&Prime;]Nous vous prions de nous en informer par \u00e9crit en indiquant les articles et la commission dans les 3h suivant la passation de la commande.<br \/>\nLes modifications et les annulations par t\u00e9l\u00e9phone ne sont pas accept\u00e9es.<br \/>\n<strong>Courrier \u00e9lectronique : mailbox@landenberg.ch<\/strong>[\/vc_column_text][vc_empty_space empty_h=\u00a0\u00bb2&Prime;][vc_custom_heading uncode_shortcode_id=\u00a0\u00bb828116&Prime;]Conditions de paiement[\/vc_custom_heading][vc_column_text uncode_shortcode_id=\u00a0\u00bb198086&Prime;]Net, 30 jours \u00e0 compter de la date de facturation.<br \/>\nLes d\u00e9ductions non justifi\u00e9es seront refactur\u00e9es.[\/vc_column_text][\/vc_column_inner][\/vc_row_inner][\/vc_column][\/vc_row]<\/p>\n<\/div>","protected":false},"excerpt":{"rendered":"<p>[vc_row row_height_percent=\u00a0\u00bb100&Prime; override_padding=\u00a0\u00bbyes\u00a0\u00bb h_padding=\u00a0\u00bb2&Prime; top_padding=\u00a0\u00bb7&Prime; bottom_padding=\u00a0\u00bb7&Prime; back_color=\u00a0\u00bbcolor-nhtu\u00a0\u00bb back_image=\u00a0\u00bb118090&Prime; back_position=\u00a0\u00bbcenter top\u00a0\u00bb overlay_color=\u00a0\u00bbcolor-nhtu\u00a0\u00bb overlay_alpha=\u00a0\u00bb15&Prime; gutter_size=\u00a0\u00bb4&Prime; column_width_percent=\u00a0\u00bb100&Prime; shift_y=\u00a0\u00bb0&Prime; z_index=\u00a0\u00bb0&Prime; enable_bottom_divider=\u00a0\u00bbdefault\u00a0\u00bb bottom_divider=\u00a0\u00bbgradient\u00a0\u00bb shape_bottom_h_use_pixel=\u00a0\u00bbtrue\u00a0\u00bb shape_bottom_height_percent=\u00a0\u00bb65&Prime; [&hellip;]<\/p>\n","protected":false},"author":3,"featured_media":0,"parent":0,"menu_order":120,"comment_status":"closed","ping_status":"closed","template":"","meta":{"footnotes":""},"class_list":["post-118968","page","type-page","status-publish","hentry"],"yoast_head":"<!-- This site is optimized with the Yoast SEO plugin v27.5 - https:\/\/yoast.com\/product\/yoast-seo-wordpress\/ -->\n<title>CONDITIONS G\u00c9N\u00c9RALES DE VENTE - Landenberg<\/title>\n<meta name=\"robots\" content=\"index, follow, max-snippet:-1, max-image-preview:large, max-video-preview:-1\" \/>\n<link rel=\"canonical\" href=\"https:\/\/landenberg.ch\/fr\/conditions-generales-de-vente\/\" \/>\n<meta property=\"og:locale\" content=\"fr_FR\" \/>\n<meta property=\"og:type\" content=\"article\" \/>\n<meta property=\"og:title\" content=\"CONDITIONS G\u00c9N\u00c9RALES DE VENTE - Landenberg\" \/>\n<meta property=\"og:description\" content=\"[vc_row row_height_percent=\u00a0\u00bb100&Prime; override_padding=\u00a0\u00bbyes\u00a0\u00bb h_padding=\u00a0\u00bb2&Prime; top_padding=\u00a0\u00bb7&Prime; bottom_padding=\u00a0\u00bb7&Prime; back_color=\u00a0\u00bbcolor-nhtu\u00a0\u00bb back_image=\u00a0\u00bb118090&Prime; back_position=\u00a0\u00bbcenter top\u00a0\u00bb overlay_color=\u00a0\u00bbcolor-nhtu\u00a0\u00bb overlay_alpha=\u00a0\u00bb15&Prime; gutter_size=\u00a0\u00bb4&Prime; column_width_percent=\u00a0\u00bb100&Prime; shift_y=\u00a0\u00bb0&Prime; z_index=\u00a0\u00bb0&Prime; enable_bottom_divider=\u00a0\u00bbdefault\u00a0\u00bb bottom_divider=\u00a0\u00bbgradient\u00a0\u00bb shape_bottom_h_use_pixel=\u00a0\u00bbtrue\u00a0\u00bb shape_bottom_height_percent=\u00a0\u00bb65&Prime; [&hellip;]\" \/>\n<meta property=\"og:url\" content=\"https:\/\/landenberg.ch\/fr\/conditions-generales-de-vente\/\" \/>\n<meta property=\"og:site_name\" content=\"Landenberg\" \/>\n<meta property=\"article:publisher\" content=\"https:\/\/www.facebook.com\/LandenbergAG\/\" \/>\n<meta property=\"article:modified_time\" content=\"2023-09-20T06:45:35+00:00\" \/>\n<meta name=\"twitter:card\" content=\"summary_large_image\" \/>\n<meta name=\"twitter:label1\" content=\"Dur\u00e9e de lecture estim\u00e9e\" \/>\n\t<meta name=\"twitter:data1\" content=\"8 minutes\" \/>\n<script type=\"application\/ld+json\" class=\"yoast-schema-graph\">{\"@context\":\"https:\\\/\\\/schema.org\",\"@graph\":[{\"@type\":\"WebPage\",\"@id\":\"https:\\\/\\\/landenberg.ch\\\/fr\\\/conditions-generales-de-vente\\\/\",\"url\":\"https:\\\/\\\/landenberg.ch\\\/fr\\\/conditions-generales-de-vente\\\/\",\"name\":\"CONDITIONS G\u00c9N\u00c9RALES DE VENTE - Landenberg\",\"isPartOf\":{\"@id\":\"https:\\\/\\\/landenberg.ch\\\/#website\"},\"datePublished\":\"2023-02-08T13:19:07+00:00\",\"dateModified\":\"2023-09-20T06:45:35+00:00\",\"breadcrumb\":{\"@id\":\"https:\\\/\\\/landenberg.ch\\\/fr\\\/conditions-generales-de-vente\\\/#breadcrumb\"},\"inLanguage\":\"fr-FR\",\"potentialAction\":[{\"@type\":\"ReadAction\",\"target\":[\"https:\\\/\\\/landenberg.ch\\\/fr\\\/conditions-generales-de-vente\\\/\"]}]},{\"@type\":\"BreadcrumbList\",\"@id\":\"https:\\\/\\\/landenberg.ch\\\/fr\\\/conditions-generales-de-vente\\\/#breadcrumb\",\"itemListElement\":[{\"@type\":\"ListItem\",\"position\":1,\"name\":\"Startseite\",\"item\":\"https:\\\/\\\/landenberg.ch\\\/fr\\\/landenberg-ag-diversite-textile\\\/\"},{\"@type\":\"ListItem\",\"position\":2,\"name\":\"CONDITIONS G\u00c9N\u00c9RALES DE VENTE\"}]},{\"@type\":\"WebSite\",\"@id\":\"https:\\\/\\\/landenberg.ch\\\/#website\",\"url\":\"https:\\\/\\\/landenberg.ch\\\/\",\"name\":\"Landenberg AG\",\"description\":\"Textile Vielfalt aus der Schweiz\",\"publisher\":{\"@id\":\"https:\\\/\\\/landenberg.ch\\\/#organization\"},\"potentialAction\":[{\"@type\":\"SearchAction\",\"target\":{\"@type\":\"EntryPoint\",\"urlTemplate\":\"https:\\\/\\\/landenberg.ch\\\/?s={search_term_string}\"},\"query-input\":{\"@type\":\"PropertyValueSpecification\",\"valueRequired\":true,\"valueName\":\"search_term_string\"}}],\"inLanguage\":\"fr-FR\"},{\"@type\":\"Organization\",\"@id\":\"https:\\\/\\\/landenberg.ch\\\/#organization\",\"name\":\"Landenberg AG\",\"url\":\"https:\\\/\\\/landenberg.ch\\\/\",\"logo\":{\"@type\":\"ImageObject\",\"inLanguage\":\"fr-FR\",\"@id\":\"https:\\\/\\\/landenberg.ch\\\/#\\\/schema\\\/logo\\\/image\\\/\",\"url\":\"https:\\\/\\\/landenberg.ch\\\/wp-content\\\/uploads\\\/2022\\\/11\\\/Landenberg_P-333C.png\",\"contentUrl\":\"https:\\\/\\\/landenberg.ch\\\/wp-content\\\/uploads\\\/2022\\\/11\\\/Landenberg_P-333C.png\",\"width\":1035,\"height\":191,\"caption\":\"Landenberg AG\"},\"image\":{\"@id\":\"https:\\\/\\\/landenberg.ch\\\/#\\\/schema\\\/logo\\\/image\\\/\"},\"sameAs\":[\"https:\\\/\\\/www.facebook.com\\\/LandenbergAG\\\/\",\"https:\\\/\\\/www.instagram.com\\\/landenbergag\\\/\",\"https:\\\/\\\/ch.linkedin.com\\\/company\\\/stardecor-landenberg\"]}]}<\/script>\n<!-- \/ Yoast SEO plugin. -->","yoast_head_json":{"title":"CONDITIONS G\u00c9N\u00c9RALES DE VENTE - Landenberg","robots":{"index":"index","follow":"follow","max-snippet":"max-snippet:-1","max-image-preview":"max-image-preview:large","max-video-preview":"max-video-preview:-1"},"canonical":"https:\/\/landenberg.ch\/fr\/conditions-generales-de-vente\/","og_locale":"fr_FR","og_type":"article","og_title":"CONDITIONS G\u00c9N\u00c9RALES DE VENTE - Landenberg","og_description":"[vc_row row_height_percent=\u00a0\u00bb100&Prime; override_padding=\u00a0\u00bbyes\u00a0\u00bb h_padding=\u00a0\u00bb2&Prime; top_padding=\u00a0\u00bb7&Prime; bottom_padding=\u00a0\u00bb7&Prime; back_color=\u00a0\u00bbcolor-nhtu\u00a0\u00bb back_image=\u00a0\u00bb118090&Prime; back_position=\u00a0\u00bbcenter top\u00a0\u00bb overlay_color=\u00a0\u00bbcolor-nhtu\u00a0\u00bb overlay_alpha=\u00a0\u00bb15&Prime; gutter_size=\u00a0\u00bb4&Prime; column_width_percent=\u00a0\u00bb100&Prime; shift_y=\u00a0\u00bb0&Prime; z_index=\u00a0\u00bb0&Prime; enable_bottom_divider=\u00a0\u00bbdefault\u00a0\u00bb bottom_divider=\u00a0\u00bbgradient\u00a0\u00bb shape_bottom_h_use_pixel=\u00a0\u00bbtrue\u00a0\u00bb shape_bottom_height_percent=\u00a0\u00bb65&Prime; [&hellip;]","og_url":"https:\/\/landenberg.ch\/fr\/conditions-generales-de-vente\/","og_site_name":"Landenberg","article_publisher":"https:\/\/www.facebook.com\/LandenbergAG\/","article_modified_time":"2023-09-20T06:45:35+00:00","twitter_card":"summary_large_image","twitter_misc":{"Dur\u00e9e de lecture estim\u00e9e":"8 minutes"},"schema":{"@context":"https:\/\/schema.org","@graph":[{"@type":"WebPage","@id":"https:\/\/landenberg.ch\/fr\/conditions-generales-de-vente\/","url":"https:\/\/landenberg.ch\/fr\/conditions-generales-de-vente\/","name":"CONDITIONS G\u00c9N\u00c9RALES DE VENTE - Landenberg","isPartOf":{"@id":"https:\/\/landenberg.ch\/#website"},"datePublished":"2023-02-08T13:19:07+00:00","dateModified":"2023-09-20T06:45:35+00:00","breadcrumb":{"@id":"https:\/\/landenberg.ch\/fr\/conditions-generales-de-vente\/#breadcrumb"},"inLanguage":"fr-FR","potentialAction":[{"@type":"ReadAction","target":["https:\/\/landenberg.ch\/fr\/conditions-generales-de-vente\/"]}]},{"@type":"BreadcrumbList","@id":"https:\/\/landenberg.ch\/fr\/conditions-generales-de-vente\/#breadcrumb","itemListElement":[{"@type":"ListItem","position":1,"name":"Startseite","item":"https:\/\/landenberg.ch\/fr\/landenberg-ag-diversite-textile\/"},{"@type":"ListItem","position":2,"name":"CONDITIONS G\u00c9N\u00c9RALES DE VENTE"}]},{"@type":"WebSite","@id":"https:\/\/landenberg.ch\/#website","url":"https:\/\/landenberg.ch\/","name":"Landenberg AG","description":"Textile Vielfalt aus der Schweiz","publisher":{"@id":"https:\/\/landenberg.ch\/#organization"},"potentialAction":[{"@type":"SearchAction","target":{"@type":"EntryPoint","urlTemplate":"https:\/\/landenberg.ch\/?s={search_term_string}"},"query-input":{"@type":"PropertyValueSpecification","valueRequired":true,"valueName":"search_term_string"}}],"inLanguage":"fr-FR"},{"@type":"Organization","@id":"https:\/\/landenberg.ch\/#organization","name":"Landenberg AG","url":"https:\/\/landenberg.ch\/","logo":{"@type":"ImageObject","inLanguage":"fr-FR","@id":"https:\/\/landenberg.ch\/#\/schema\/logo\/image\/","url":"https:\/\/landenberg.ch\/wp-content\/uploads\/2022\/11\/Landenberg_P-333C.png","contentUrl":"https:\/\/landenberg.ch\/wp-content\/uploads\/2022\/11\/Landenberg_P-333C.png","width":1035,"height":191,"caption":"Landenberg AG"},"image":{"@id":"https:\/\/landenberg.ch\/#\/schema\/logo\/image\/"},"sameAs":["https:\/\/www.facebook.com\/LandenbergAG\/","https:\/\/www.instagram.com\/landenbergag\/","https:\/\/ch.linkedin.com\/company\/stardecor-landenberg"]}]}},"_links":{"self":[{"href":"https:\/\/landenberg.ch\/fr\/wp-json\/wp\/v2\/pages\/118968","targetHints":{"allow":["GET"]}}],"collection":[{"href":"https:\/\/landenberg.ch\/fr\/wp-json\/wp\/v2\/pages"}],"about":[{"href":"https:\/\/landenberg.ch\/fr\/wp-json\/wp\/v2\/types\/page"}],"author":[{"embeddable":true,"href":"https:\/\/landenberg.ch\/fr\/wp-json\/wp\/v2\/users\/3"}],"replies":[{"embeddable":true,"href":"https:\/\/landenberg.ch\/fr\/wp-json\/wp\/v2\/comments?post=118968"}],"version-history":[{"count":11,"href":"https:\/\/landenberg.ch\/fr\/wp-json\/wp\/v2\/pages\/118968\/revisions"}],"predecessor-version":[{"id":119132,"href":"https:\/\/landenberg.ch\/fr\/wp-json\/wp\/v2\/pages\/118968\/revisions\/119132"}],"wp:attachment":[{"href":"https:\/\/landenberg.ch\/fr\/wp-json\/wp\/v2\/media?parent=118968"}],"curies":[{"name":"wp","href":"https:\/\/api.w.org\/{rel}","templated":true}]}}